{"id":3287,"date":"2026-01-07T20:56:15","date_gmt":"2026-01-07T19:56:15","guid":{"rendered":"https:\/\/www.abc-batiment.fr\/?page_id=3287"},"modified":"2026-01-07T21:39:20","modified_gmt":"2026-01-07T20:39:20","slug":"rehabilitation-appartement-neuilly-sur-seine","status":"publish","type":"page","link":"https:\/\/www.abc-batiment.fr\/index.php\/nos-projets-de-renovation\/rehabilitation-appartement-neuilly-sur-seine\/","title":{"rendered":"Appartement Neuilly"},"content":{"rendered":"\t\t<div data-elementor-type=\"wp-page\" data-elementor-id=\"3287\" class=\"elementor elementor-3287\">\n\t\t\t\t<div class=\"elementor-element elementor-element-0934122 e-flex e-con-boxed gs-locked-section-no e-con e-parent\" data-id=\"0934122\" data-element_type=\"container\" data-e-type=\"container\">\n\t\t\t\t\t<div class=\"e-con-inner\">\n\t\t\t\t<div class=\"elementor-element elementor-element-0bff22d elementor-widget elementor-widget-heading\" data-id=\"0bff22d\" data-element_type=\"widget\" data-e-type=\"widget\" data-widget_type=\"heading.default\">\n\t\t\t\t<div class=\"elementor-widget-container\">\n\t\t\t\t\t<h1 class=\"elementor-heading-title elementor-size-default\">R\u00e9novation d'un Appartement - <br>Neuilly-Sur-Seine<\/h1>\t\t\t\t<\/div>\n\t\t\t\t<\/div>\n\t\t\t\t\t<\/div>\n\t\t\t\t<\/div>\n\t\t<div class=\"elementor-element elementor-element-4510158 e-flex e-con-boxed gs-locked-section-no e-con e-parent\" data-id=\"4510158\" data-element_type=\"container\" data-e-type=\"container\">\n\t\t\t\t\t<div class=\"e-con-inner\">\n\t\t\t\t<div class=\"elementor-element elementor-element-65f2353 elementor-widget elementor-widget-text-editor\" data-id=\"65f2353\" data-element_type=\"widget\" data-e-type=\"widget\" data-widget_type=\"text-editor.default\">\n\t\t\t\t<div class=\"elementor-widget-container\">\n\t\t\t\t\t\t\t\t\t<p>Situ\u00e9 \u00e0 Neuilly-sur-Seine, cet appartement a fait l\u2019objet d\u2019une r\u00e9novation compl\u00e8te men\u00e9e par notre entreprise de r\u00e9novation sp\u00e9cialis\u00e9e dans la r\u00e9habilitation tous corps d\u2019\u00e9tat. Le projet a d\u00e9but\u00e9 par une redistribution totale des espaces, afin d\u2019optimiser la circulation, la luminosit\u00e9 et le confort de vie.<\/p><p>Les travaux ont inclus le changement des fen\u00eatres pour am\u00e9liorer l\u2019isolation thermique et acoustique, la peinture compl\u00e8te de l\u2019appartement, ainsi qu\u2019un travail architectural soign\u00e9 autour des arrondis et des courbes, apportant une identit\u00e9 contemporaine et \u00e9l\u00e9gante \u00e0 l\u2019int\u00e9rieur. Les finitions ont \u00e9t\u00e9 r\u00e9alis\u00e9es avec des mat\u00e9riaux durables et de qualit\u00e9, en coh\u00e9rence avec les standards de la r\u00e9novation int\u00e9rieure haut de gamme.<\/p>\t\t\t\t\t\t\t\t<\/div>\n\t\t\t\t<\/div>\n\t\t\t\t\t<\/div>\n\t\t\t\t<\/div>\n\t\t<div class=\"elementor-element elementor-element-fd8ee1b e-grid e-con-boxed gs-locked-section-no e-con e-parent\" data-id=\"fd8ee1b\" data-element_type=\"container\" data-e-type=\"container\">\n\t\t\t\t\t<div class=\"e-con-inner\">\n\t\t\t\t<div class=\"elementor-element elementor-element-dfbb250 elementor-widget elementor-widget-image\" data-id=\"dfbb250\" data-element_type=\"widget\" data-e-type=\"widget\" data-widget_type=\"image.default\">\n\t\t\t\t<div class=\"elementor-widget-container\">\n\t\t\t\t\t\t\t\t\t\t\t\t\t\t\t<img fetchpriority=\"high\" decoding=\"async\" width=\"684\" height=\"1024\" src=\"https:\/\/www.abc-batiment.fr\/wp-content\/uploads\/2026\/01\/Appartement-684x1024.jpg\" class=\"attachment-large size-large wp-image-3296\" alt=\"Chambre r\u00e9nov\u00e9e dans un appartement \u00e0 Neuilly-sur-Seine, redistribution des espaces et r\u00e9novation int\u00e9rieure moderne\" srcset=\"https:\/\/www.abc-batiment.fr\/wp-content\/uploads\/2026\/01\/Appartement-684x1024.jpg 684w, https:\/\/www.abc-batiment.fr\/wp-content\/uploads\/2026\/01\/Appartement-200x300.jpg 200w, https:\/\/www.abc-batiment.fr\/wp-content\/uploads\/2026\/01\/Appartement-768x1151.jpg 768w, https:\/\/www.abc-batiment.fr\/wp-content\/uploads\/2026\/01\/Appartement-1025x1536.jpg 1025w, https:\/\/www.abc-batiment.fr\/wp-content\/uploads\/2026\/01\/Appartement.jpg 1367w\" sizes=\"(max-width: 684px) 100vw, 684px\" \/>\t\t\t\t\t\t\t\t\t\t\t\t\t\t\t<\/div>\n\t\t\t\t<\/div>\n\t\t\t\t<div class=\"elementor-element elementor-element-9096359 elementor-widget elementor-widget-image\" data-id=\"9096359\" data-element_type=\"widget\" data-e-type=\"widget\" data-widget_type=\"image.default\">\n\t\t\t\t<div class=\"elementor-widget-container\">\n\t\t\t\t\t\t\t\t\t\t\t\t\t\t\t<img decoding=\"async\" width=\"684\" height=\"1024\" src=\"https:\/\/www.abc-batiment.fr\/wp-content\/uploads\/2026\/01\/appartement-1-684x1024.jpg\" class=\"attachment-large size-large wp-image-3297\" alt=\"Chambre r\u00e9nov\u00e9e dans un appartement \u00e0 Neuilly-sur-Seine apr\u00e8s redistribution des espaces, r\u00e9novation int\u00e9rieure \u00e9l\u00e9gante et moderne\" srcset=\"https:\/\/www.abc-batiment.fr\/wp-content\/uploads\/2026\/01\/appartement-1-684x1024.jpg 684w, https:\/\/www.abc-batiment.fr\/wp-content\/uploads\/2026\/01\/appartement-1-200x300.jpg 200w, https:\/\/www.abc-batiment.fr\/wp-content\/uploads\/2026\/01\/appartement-1-768x1151.jpg 768w, https:\/\/www.abc-batiment.fr\/wp-content\/uploads\/2026\/01\/appartement-1-1025x1536.jpg 1025w, https:\/\/www.abc-batiment.fr\/wp-content\/uploads\/2026\/01\/appartement-1.jpg 1367w\" sizes=\"(max-width: 684px) 100vw, 684px\" \/>\t\t\t\t\t\t\t\t\t\t\t\t\t\t\t<\/div>\n\t\t\t\t<\/div>\n\t\t\t\t<div class=\"elementor-element elementor-element-ee2308a elementor-widget elementor-widget-image\" data-id=\"ee2308a\" data-element_type=\"widget\" data-e-type=\"widget\" data-widget_type=\"image.default\">\n\t\t\t\t<div class=\"elementor-widget-container\">\n\t\t\t\t\t\t\t\t\t\t\t\t\t\t\t<img decoding=\"async\" width=\"684\" height=\"1024\" src=\"https:\/\/www.abc-batiment.fr\/wp-content\/uploads\/2026\/01\/appartement-5-684x1024.jpg\" class=\"attachment-large size-large wp-image-3299\" alt=\"Douche avec arche arrondie apr\u00e8s r\u00e9novation compl\u00e8te d\u2019un appartement \u00e0 Neuilly-sur-Seine, finitions min\u00e9rales et design contemporain\" srcset=\"https:\/\/www.abc-batiment.fr\/wp-content\/uploads\/2026\/01\/appartement-5-684x1024.jpg 684w, https:\/\/www.abc-batiment.fr\/wp-content\/uploads\/2026\/01\/appartement-5-200x300.jpg 200w, https:\/\/www.abc-batiment.fr\/wp-content\/uploads\/2026\/01\/appartement-5-768x1151.jpg 768w, https:\/\/www.abc-batiment.fr\/wp-content\/uploads\/2026\/01\/appartement-5-1025x1536.jpg 1025w, https:\/\/www.abc-batiment.fr\/wp-content\/uploads\/2026\/01\/appartement-5.jpg 1367w\" sizes=\"(max-width: 684px) 100vw, 684px\" \/>\t\t\t\t\t\t\t\t\t\t\t\t\t\t\t<\/div>\n\t\t\t\t<\/div>\n\t\t\t\t<div class=\"elementor-element elementor-element-0c0d014 elementor-widget elementor-widget-image\" data-id=\"0c0d014\" data-element_type=\"widget\" data-e-type=\"widget\" data-widget_type=\"image.default\">\n\t\t\t\t<div class=\"elementor-widget-container\">\n\t\t\t\t\t\t\t\t\t\t\t\t\t\t\t<img loading=\"lazy\" decoding=\"async\" width=\"684\" height=\"1024\" src=\"https:\/\/www.abc-batiment.fr\/wp-content\/uploads\/2026\/01\/appartement-2-684x1024.jpg\" class=\"attachment-large size-large wp-image-3300\" alt=\"D\u00e9tail de cuisine apr\u00e8s r\u00e9novation compl\u00e8te d\u2019appartement \u00e0 Neuilly-sur-Seine, plan de travail en pierre et robinetterie design\" srcset=\"https:\/\/www.abc-batiment.fr\/wp-content\/uploads\/2026\/01\/appartement-2-684x1024.jpg 684w, https:\/\/www.abc-batiment.fr\/wp-content\/uploads\/2026\/01\/appartement-2-200x300.jpg 200w, https:\/\/www.abc-batiment.fr\/wp-content\/uploads\/2026\/01\/appartement-2-768x1151.jpg 768w, https:\/\/www.abc-batiment.fr\/wp-content\/uploads\/2026\/01\/appartement-2-1025x1536.jpg 1025w, https:\/\/www.abc-batiment.fr\/wp-content\/uploads\/2026\/01\/appartement-2.jpg 1367w\" sizes=\"(max-width: 684px) 100vw, 684px\" \/>\t\t\t\t\t\t\t\t\t\t\t\t\t\t\t<\/div>\n\t\t\t\t<\/div>\n\t\t\t\t\t<\/div>\n\t\t\t\t<\/div>\n\t\t<div class=\"elementor-element elementor-element-2e01fc6 e-flex e-con-boxed gs-locked-section-no e-con e-parent\" data-id=\"2e01fc6\" data-element_type=\"container\" data-e-type=\"container\">\n\t\t\t\t\t<div class=\"e-con-inner\">\n\t\t\t\t<div class=\"elementor-element elementor-element-5114bf1 elementor-widget elementor-widget-heading\" data-id=\"5114bf1\" data-element_type=\"widget\" data-e-type=\"widget\" data-widget_type=\"heading.default\">\n\t\t\t\t<div class=\"elementor-widget-container\">\n\t\t\t\t\t<h2 class=\"elementor-heading-title elementor-size-default\">R\u00e9novation compl\u00e8te d\u2019un appartement \u00e0 Neuilly-sur-Seine : un projet ma\u00eetris\u00e9 de A \u00e0 Z<\/h2>\t\t\t\t<\/div>\n\t\t\t\t<\/div>\n\t\t\t\t\t<\/div>\n\t\t\t\t<\/div>\n\t\t<div class=\"elementor-element elementor-element-9822c25 e-flex e-con-boxed gs-locked-section-no e-con e-parent\" data-id=\"9822c25\" data-element_type=\"container\" data-e-type=\"container\">\n\t\t\t\t\t<div class=\"e-con-inner\">\n\t\t\t\t<div class=\"elementor-element elementor-element-cd315f3 elementor-widget elementor-widget-text-editor\" data-id=\"cd315f3\" data-element_type=\"widget\" data-e-type=\"widget\" data-widget_type=\"text-editor.default\">\n\t\t\t\t<div class=\"elementor-widget-container\">\n\t\t\t\t\t\t\t\t\t<p>La r\u00e9novation d\u2019un appartement ancien est une op\u00e9ration complexe qui n\u00e9cessite une parfaite ma\u00eetrise technique, une coordination rigoureuse des corps de m\u00e9tier et une connaissance approfondie du b\u00e2ti existant. Dans ce projet de r\u00e9novation compl\u00e8te d\u2019appartement \u00e0 Neuilly-sur-Seine, ABC B\u00e2timent a accompagn\u00e9 son client \u00e0 chaque \u00e9tape afin de transformer un logement vieillissant en un espace moderne, confortable et durable.<\/p><p>Gr\u00e2ce \u00e0 son expertise reconnue en r\u00e9novation int\u00e9rieure et en travaux de r\u00e9habilitation, notre entreprise g\u00e9n\u00e9rale du b\u00e2timent intervient aussi bien sur des appartements que sur des maisons, immeubles ou logements collectifs, en \u00cele-de-France et \u00e0 Paris.<\/p><h3>Une approche globale de la r\u00e9novation int\u00e9rieure<\/h3><p>Ce projet de r\u00e9novation d\u2019appartement a n\u00e9cessit\u00e9 une intervention tous corps d\u2019\u00e9tat, incluant :<\/p><ul><li>La d\u00e9pose et restructuration des espaces int\u00e9rieurs afin d\u2019optimiser la circulation et les volumes<\/li><li>Les travaux de ma\u00e7onnerie et cloisons pour red\u00e9finir les pi\u00e8ces<\/li><li>La r\u00e9novation \u00e9lectrique et plomberie, conforme aux normes en vigueur<\/li><li>L\u2019am\u00e9lioration de l\u2019isolation int\u00e9rieure, pour un meilleur confort thermique et acoustique<\/li><li>La pose de rev\u00eatements de sol (parquet, carrelage)<\/li><li>Les travaux de peinture int\u00e9rieure et finitions haut de gamme<\/li><\/ul><p>Chaque \u00e9tape a \u00e9t\u00e9 pens\u00e9e pour valoriser durablement le bien, tout en respectant les contraintes techniques, budg\u00e9taires et esth\u00e9tiques du projet.<\/p><h3>Vous avez un projet de r\u00e9habilitation ou de r\u00e9novation ?<\/h3><p>Vous envisagez la r\u00e9habilitation compl\u00e8te d\u2019un appartement, des travaux de r\u00e9novation int\u00e9rieure ou souhaitez obtenir un devis de r\u00e9novation \u00e0 Neuilly-sur-Seine, Paris ou en \u00cele-de-France ?<br \/>ABC B\u00e2timent vous accompagne avec des solutions fiables, durables et adapt\u00e9es \u00e0 vos besoins.<\/p><p>Contactez-nous pour une \u00e9tude personnalis\u00e9e de votre projet et b\u00e9n\u00e9ficiez de l\u2019expertise d\u2019une entreprise g\u00e9n\u00e9rale du b\u00e2timent sp\u00e9cialis\u00e9e en r\u00e9habilitation.<\/p>\t\t\t\t\t\t\t\t<\/div>\n\t\t\t\t<\/div>\n\t\t\t\t\t<\/div>\n\t\t\t\t<\/div>\n\t\t\t\t<\/div>\n\t\t","protected":false},"excerpt":{"rendered":"<p>R\u00e9novation d&rsquo;un Appartement &#8211; Neuilly-Sur-Seine Situ\u00e9 \u00e0 Neuilly-sur-Seine, cet appartement a fait l\u2019objet d\u2019une r\u00e9novation compl\u00e8te men\u00e9e par notre entreprise de r\u00e9novation sp\u00e9cialis\u00e9e&#8230;<\/p>\n","protected":false},"author":1,"featured_media":0,"parent":1077,"menu_order":0,"comment_status":"closed","ping_status":"closed","template":"elementor_header_footer","meta":{"_acf_changed":false,"footnotes":""},"class_list":["post-3287","page","type-page","status-publish","hentry"],"acf":[],"yoast_head":"<!-- This site is optimized with the Yoast SEO plugin v27.3 - https:\/\/yoast.com\/product\/yoast-seo-wordpress\/ -->\n<title>R\u00e9habilitation Appartement Neuilly-sur-Seine | ABC Batiment<\/title>\n<meta name=\"description\" content=\"D\u00e9couvrez notre projet de r\u00e9habilitation compl\u00e8te d\u2019un appartement \u00e0 Neuilly-sur-Seine : optimisation des espaces, finitions haut de gamme et r\u00e9novation durable.\" \/>\n<meta name=\"robots\" content=\"index, follow, max-snippet:-1, max-image-preview:large, max-video-preview:-1\" \/>\n<link rel=\"canonical\" href=\"https:\/\/www.abc-batiment.fr\/index.php\/nos-projets-de-renovation\/rehabilitation-appartement-neuilly-sur-seine\/\" \/>\n<meta property=\"og:locale\" content=\"fr_FR\" \/>\n<meta property=\"og:type\" content=\"article\" \/>\n<meta property=\"og:title\" content=\"R\u00e9habilitation Appartement Neuilly-sur-Seine | ABC Batiment\" \/>\n<meta property=\"og:description\" content=\"D\u00e9couvrez notre projet de r\u00e9habilitation compl\u00e8te d\u2019un appartement \u00e0 Neuilly-sur-Seine : optimisation des espaces, finitions haut de gamme et r\u00e9novation durable.\" \/>\n<meta property=\"og:url\" content=\"https:\/\/www.abc-batiment.fr\/index.php\/nos-projets-de-renovation\/rehabilitation-appartement-neuilly-sur-seine\/\" \/>\n<meta property=\"og:site_name\" content=\"ABC BATIMENT\" \/>\n<meta property=\"article:modified_time\" content=\"2026-01-07T20:39:20+00:00\" \/>\n<meta property=\"og:image\" content=\"https:\/\/www.abc-batiment.fr\/wp-content\/uploads\/2026\/01\/Appartement-684x1024.jpg\" \/>\n\t<meta property=\"og:image:width\" content=\"684\" \/>\n\t<meta property=\"og:image:height\" content=\"1024\" \/>\n\t<meta property=\"og:image:type\" content=\"image\/jpeg\" \/>\n<meta name=\"twitter:card\" content=\"summary_large_image\" \/>\n<meta name=\"twitter:label1\" content=\"Dur\u00e9e de lecture estim\u00e9e\" \/>\n\t<meta name=\"twitter:data1\" content=\"3 minutes\" \/>\n<script type=\"application\/ld+json\" class=\"yoast-schema-graph\">{\"@context\":\"https:\\\/\\\/schema.org\",\"@graph\":[{\"@type\":\"WebPage\",\"@id\":\"https:\\\/\\\/www.abc-batiment.fr\\\/index.php\\\/nos-projets-de-renovation\\\/rehabilitation-appartement-neuilly-sur-seine\\\/\",\"url\":\"https:\\\/\\\/www.abc-batiment.fr\\\/index.php\\\/nos-projets-de-renovation\\\/rehabilitation-appartement-neuilly-sur-seine\\\/\",\"name\":\"R\u00e9habilitation Appartement Neuilly-sur-Seine | ABC Batiment\",\"isPartOf\":{\"@id\":\"https:\\\/\\\/www.abc-batiment.fr\\\/#website\"},\"primaryImageOfPage\":{\"@id\":\"https:\\\/\\\/www.abc-batiment.fr\\\/index.php\\\/nos-projets-de-renovation\\\/rehabilitation-appartement-neuilly-sur-seine\\\/#primaryimage\"},\"image\":{\"@id\":\"https:\\\/\\\/www.abc-batiment.fr\\\/index.php\\\/nos-projets-de-renovation\\\/rehabilitation-appartement-neuilly-sur-seine\\\/#primaryimage\"},\"thumbnailUrl\":\"https:\\\/\\\/www.abc-batiment.fr\\\/wp-content\\\/uploads\\\/2026\\\/01\\\/Appartement-684x1024.jpg\",\"datePublished\":\"2026-01-07T19:56:15+00:00\",\"dateModified\":\"2026-01-07T20:39:20+00:00\",\"description\":\"D\u00e9couvrez notre projet de r\u00e9habilitation compl\u00e8te d\u2019un appartement \u00e0 Neuilly-sur-Seine : optimisation des espaces, finitions haut de gamme et r\u00e9novation durable.\",\"breadcrumb\":{\"@id\":\"https:\\\/\\\/www.abc-batiment.fr\\\/index.php\\\/nos-projets-de-renovation\\\/rehabilitation-appartement-neuilly-sur-seine\\\/#breadcrumb\"},\"inLanguage\":\"fr-FR\",\"potentialAction\":[{\"@type\":\"ReadAction\",\"target\":[\"https:\\\/\\\/www.abc-batiment.fr\\\/index.php\\\/nos-projets-de-renovation\\\/rehabilitation-appartement-neuilly-sur-seine\\\/\"]}]},{\"@type\":\"ImageObject\",\"inLanguage\":\"fr-FR\",\"@id\":\"https:\\\/\\\/www.abc-batiment.fr\\\/index.php\\\/nos-projets-de-renovation\\\/rehabilitation-appartement-neuilly-sur-seine\\\/#primaryimage\",\"url\":\"https:\\\/\\\/www.abc-batiment.fr\\\/wp-content\\\/uploads\\\/2026\\\/01\\\/Appartement.jpg\",\"contentUrl\":\"https:\\\/\\\/www.abc-batiment.fr\\\/wp-content\\\/uploads\\\/2026\\\/01\\\/Appartement.jpg\",\"width\":1367,\"height\":2048,\"caption\":\"Chambre r\u00e9nov\u00e9e dans un appartement \u00e0 Neuilly-sur-Seine, redistribution des espaces et r\u00e9novation int\u00e9rieure moderne\"},{\"@type\":\"BreadcrumbList\",\"@id\":\"https:\\\/\\\/www.abc-batiment.fr\\\/index.php\\\/nos-projets-de-renovation\\\/rehabilitation-appartement-neuilly-sur-seine\\\/#breadcrumb\",\"itemListElement\":[{\"@type\":\"ListItem\",\"position\":1,\"name\":\"Accueil\",\"item\":\"https:\\\/\\\/www.abc-batiment.fr\\\/\"},{\"@type\":\"ListItem\",\"position\":2,\"name\":\"Nos Projets\",\"item\":\"https:\\\/\\\/www.abc-batiment.fr\\\/index.php\\\/nos-projets-de-renovation\\\/\"},{\"@type\":\"ListItem\",\"position\":3,\"name\":\"Appartement Neuilly\"}]},{\"@type\":\"WebSite\",\"@id\":\"https:\\\/\\\/www.abc-batiment.fr\\\/#website\",\"url\":\"https:\\\/\\\/www.abc-batiment.fr\\\/\",\"name\":\"ABC BATIMENT\",\"description\":\"Innovation, design, r\u00e9novation durable : b\u00e2tissons l&#039;avenir ensemble.\",\"publisher\":{\"@id\":\"https:\\\/\\\/www.abc-batiment.fr\\\/#organization\"},\"potentialAction\":[{\"@type\":\"SearchAction\",\"target\":{\"@type\":\"EntryPoint\",\"urlTemplate\":\"https:\\\/\\\/www.abc-batiment.fr\\\/?s={search_term_string}\"},\"query-input\":{\"@type\":\"PropertyValueSpecification\",\"valueRequired\":true,\"valueName\":\"search_term_string\"}}],\"inLanguage\":\"fr-FR\"},{\"@type\":\"Organization\",\"@id\":\"https:\\\/\\\/www.abc-batiment.fr\\\/#organization\",\"name\":\"ABC BATIMENT\",\"url\":\"https:\\\/\\\/www.abc-batiment.fr\\\/\",\"logo\":{\"@type\":\"ImageObject\",\"inLanguage\":\"fr-FR\",\"@id\":\"https:\\\/\\\/www.abc-batiment.fr\\\/#\\\/schema\\\/logo\\\/image\\\/\",\"url\":\"http:\\\/\\\/www.abc-batiment.fr\\\/wp-content\\\/uploads\\\/2026\\\/01\\\/Logo-abc-batiment.jpeg\",\"contentUrl\":\"http:\\\/\\\/www.abc-batiment.fr\\\/wp-content\\\/uploads\\\/2026\\\/01\\\/Logo-abc-batiment.jpeg\",\"width\":512,\"height\":512,\"caption\":\"ABC BATIMENT\"},\"image\":{\"@id\":\"https:\\\/\\\/www.abc-batiment.fr\\\/#\\\/schema\\\/logo\\\/image\\\/\"},\"sameAs\":[\"https:\\\/\\\/www.instagram.com\\\/abcbatiment\\\/\"]}]}<\/script>\n<!-- \/ Yoast SEO plugin. -->","yoast_head_json":{"title":"R\u00e9habilitation Appartement Neuilly-sur-Seine | ABC Batiment","description":"D\u00e9couvrez notre projet de r\u00e9habilitation compl\u00e8te d\u2019un appartement \u00e0 Neuilly-sur-Seine : optimisation des espaces, finitions haut de gamme et r\u00e9novation durable.","robots":{"index":"index","follow":"follow","max-snippet":"max-snippet:-1","max-image-preview":"max-image-preview:large","max-video-preview":"max-video-preview:-1"},"canonical":"https:\/\/www.abc-batiment.fr\/index.php\/nos-projets-de-renovation\/rehabilitation-appartement-neuilly-sur-seine\/","og_locale":"fr_FR","og_type":"article","og_title":"R\u00e9habilitation Appartement Neuilly-sur-Seine | ABC Batiment","og_description":"D\u00e9couvrez notre projet de r\u00e9habilitation compl\u00e8te d\u2019un appartement \u00e0 Neuilly-sur-Seine : optimisation des espaces, finitions haut de gamme et r\u00e9novation durable.","og_url":"https:\/\/www.abc-batiment.fr\/index.php\/nos-projets-de-renovation\/rehabilitation-appartement-neuilly-sur-seine\/","og_site_name":"ABC BATIMENT","article_modified_time":"2026-01-07T20:39:20+00:00","og_image":[{"width":684,"height":1024,"url":"https:\/\/www.abc-batiment.fr\/wp-content\/uploads\/2026\/01\/Appartement-684x1024.jpg","type":"image\/jpeg"}],"twitter_card":"summary_large_image","twitter_misc":{"Dur\u00e9e de lecture estim\u00e9e":"3 minutes"},"schema":{"@context":"https:\/\/schema.org","@graph":[{"@type":"WebPage","@id":"https:\/\/www.abc-batiment.fr\/index.php\/nos-projets-de-renovation\/rehabilitation-appartement-neuilly-sur-seine\/","url":"https:\/\/www.abc-batiment.fr\/index.php\/nos-projets-de-renovation\/rehabilitation-appartement-neuilly-sur-seine\/","name":"R\u00e9habilitation Appartement Neuilly-sur-Seine | ABC Batiment","isPartOf":{"@id":"https:\/\/www.abc-batiment.fr\/#website"},"primaryImageOfPage":{"@id":"https:\/\/www.abc-batiment.fr\/index.php\/nos-projets-de-renovation\/rehabilitation-appartement-neuilly-sur-seine\/#primaryimage"},"image":{"@id":"https:\/\/www.abc-batiment.fr\/index.php\/nos-projets-de-renovation\/rehabilitation-appartement-neuilly-sur-seine\/#primaryimage"},"thumbnailUrl":"https:\/\/www.abc-batiment.fr\/wp-content\/uploads\/2026\/01\/Appartement-684x1024.jpg","datePublished":"2026-01-07T19:56:15+00:00","dateModified":"2026-01-07T20:39:20+00:00","description":"D\u00e9couvrez notre projet de r\u00e9habilitation compl\u00e8te d\u2019un appartement \u00e0 Neuilly-sur-Seine : optimisation des espaces, finitions haut de gamme et r\u00e9novation durable.","breadcrumb":{"@id":"https:\/\/www.abc-batiment.fr\/index.php\/nos-projets-de-renovation\/rehabilitation-appartement-neuilly-sur-seine\/#breadcrumb"},"inLanguage":"fr-FR","potentialAction":[{"@type":"ReadAction","target":["https:\/\/www.abc-batiment.fr\/index.php\/nos-projets-de-renovation\/rehabilitation-appartement-neuilly-sur-seine\/"]}]},{"@type":"ImageObject","inLanguage":"fr-FR","@id":"https:\/\/www.abc-batiment.fr\/index.php\/nos-projets-de-renovation\/rehabilitation-appartement-neuilly-sur-seine\/#primaryimage","url":"https:\/\/www.abc-batiment.fr\/wp-content\/uploads\/2026\/01\/Appartement.jpg","contentUrl":"https:\/\/www.abc-batiment.fr\/wp-content\/uploads\/2026\/01\/Appartement.jpg","width":1367,"height":2048,"caption":"Chambre r\u00e9nov\u00e9e dans un appartement \u00e0 Neuilly-sur-Seine, redistribution des espaces et r\u00e9novation int\u00e9rieure moderne"},{"@type":"BreadcrumbList","@id":"https:\/\/www.abc-batiment.fr\/index.php\/nos-projets-de-renovation\/rehabilitation-appartement-neuilly-sur-seine\/#breadcrumb","itemListElement":[{"@type":"ListItem","position":1,"name":"Accueil","item":"https:\/\/www.abc-batiment.fr\/"},{"@type":"ListItem","position":2,"name":"Nos Projets","item":"https:\/\/www.abc-batiment.fr\/index.php\/nos-projets-de-renovation\/"},{"@type":"ListItem","position":3,"name":"Appartement Neuilly"}]},{"@type":"WebSite","@id":"https:\/\/www.abc-batiment.fr\/#website","url":"https:\/\/www.abc-batiment.fr\/","name":"ABC BATIMENT","description":"Innovation, design, r\u00e9novation durable : b\u00e2tissons l&#039;avenir ensemble.","publisher":{"@id":"https:\/\/www.abc-batiment.fr\/#organization"},"potentialAction":[{"@type":"SearchAction","target":{"@type":"EntryPoint","urlTemplate":"https:\/\/www.abc-batiment.fr\/?s={search_term_string}"},"query-input":{"@type":"PropertyValueSpecification","valueRequired":true,"valueName":"search_term_string"}}],"inLanguage":"fr-FR"},{"@type":"Organization","@id":"https:\/\/www.abc-batiment.fr\/#organization","name":"ABC BATIMENT","url":"https:\/\/www.abc-batiment.fr\/","logo":{"@type":"ImageObject","inLanguage":"fr-FR","@id":"https:\/\/www.abc-batiment.fr\/#\/schema\/logo\/image\/","url":"http:\/\/www.abc-batiment.fr\/wp-content\/uploads\/2026\/01\/Logo-abc-batiment.jpeg","contentUrl":"http:\/\/www.abc-batiment.fr\/wp-content\/uploads\/2026\/01\/Logo-abc-batiment.jpeg","width":512,"height":512,"caption":"ABC BATIMENT"},"image":{"@id":"https:\/\/www.abc-batiment.fr\/#\/schema\/logo\/image\/"},"sameAs":["https:\/\/www.instagram.com\/abcbatiment\/"]}]}},"_links":{"self":[{"href":"https:\/\/www.abc-batiment.fr\/index.php\/wp-json\/wp\/v2\/pages\/3287","targetHints":{"allow":["GET"]}}],"collection":[{"href":"https:\/\/www.abc-batiment.fr\/index.php\/wp-json\/wp\/v2\/pages"}],"about":[{"href":"https:\/\/www.abc-batiment.fr\/index.php\/wp-json\/wp\/v2\/types\/page"}],"author":[{"embeddable":true,"href":"https:\/\/www.abc-batiment.fr\/index.php\/wp-json\/wp\/v2\/users\/1"}],"replies":[{"embeddable":true,"href":"https:\/\/www.abc-batiment.fr\/index.php\/wp-json\/wp\/v2\/comments?post=3287"}],"version-history":[{"count":21,"href":"https:\/\/www.abc-batiment.fr\/index.php\/wp-json\/wp\/v2\/pages\/3287\/revisions"}],"predecessor-version":[{"id":3320,"href":"https:\/\/www.abc-batiment.fr\/index.php\/wp-json\/wp\/v2\/pages\/3287\/revisions\/3320"}],"up":[{"embeddable":true,"href":"https:\/\/www.abc-batiment.fr\/index.php\/wp-json\/wp\/v2\/pages\/1077"}],"wp:attachment":[{"href":"https:\/\/www.abc-batiment.fr\/index.php\/wp-json\/wp\/v2\/media?parent=3287"}],"curies":[{"name":"wp","href":"https:\/\/api.w.org\/{rel}","templated":true}]}}